{"id":15,"date":"2026-01-20T09:58:42","date_gmt":"2026-01-20T09:58:42","guid":{"rendered":"http:\/\/qftdyid.cluster121.hosting.ovh.net\/?page_id=15"},"modified":"2026-01-27T09:41:54","modified_gmt":"2026-01-27T09:41:54","slug":"la-maison","status":"publish","type":"page","link":"https:\/\/casalucienne.com\/en\/la-maison\/","title":{"rendered":"The House"},"content":{"rendered":"<div class=\"wp-block-cover alignfull is-light\" style=\"margin-top:0;margin-bottom:0;padding-top:0px;padding-bottom:80px;min-height:300px;aspect-ratio:unset;\"><img decoding=\"async\" class=\"wp-block-cover__image-background wp-image-4206\" alt=\"\" src=\"https:\/\/tyler.com\/wp-content\/uploads\/2023\/12\/surf-banner1.jpg\" style=\"object-position:100% 50%\" data-object-fit=\"cover\" data-object-position=\"100% 50%\"\/><span aria-hidden=\"true\" class=\"wp-block-cover__background has-background-dim-0 has-background-dim\" style=\"background-color:#e9ceb0\"><\/span><div class=\"wp-block-cover__inner-container has-global-padding is-layout-constrained wp-container-core-cover-is-layout-d4c6b484 wp-block-cover-is-layout-constrained\">\n<div style=\"height:150px\" aria-hidden=\"true\" class=\"wp-block-spacer\"><\/div>\n\n\n\n<h1 class=\"wp-block-heading has-text-align-center has-text-color has-link-color has-suranna-font-family wp-elements-490e679f8c261ea2f191b8fdea194ec3\" style=\"color:#ffffff;font-size:clamp(38.682px, 2.418rem + ((1vw - 3.2px) * 3.786), 72px);font-style:normal;font-weight:500\">Welcome Home!<\/h1>\n<\/div><\/div>\n\n\n\n<div class=\"wp-block-group alignfull has-global-padding is-layout-constrained wp-container-core-group-is-layout-4383d167 wp-block-group-is-layout-constrained\">\n<div class=\"wp-block-group alignwide has-global-padding is-layout-constrained wp-container-core-group-is-layout-5ff8a92b wp-block-group-is-layout-constrained\" style=\"margin-top:0;margin-bottom:0;padding-top:100px;padding-bottom:100px\">\n<div class=\"wp-block-columns is-layout-flex wp-container-core-columns-is-layout-92515837 wp-block-columns-is-layout-flex\">\n<div class=\"wp-block-column is-layout-flow wp-block-column-is-layout-flow\">\n<figure class=\"wp-block-image alignleft size-full has-custom-border is-style-default\"><img fetchpriority=\"high\" decoding=\"async\" width=\"1920\" height=\"2560\" src=\"http:\/\/qftdyid.cluster121.hosting.ovh.net\/wp-content\/uploads\/2026\/01\/IMG_20230315_080821-01-scaled.jpeg\" alt=\"\" class=\"wp-image-174\" style=\"border-top-left-radius:100px;border-top-right-radius:100px;border-bottom-left-radius:100px;border-bottom-right-radius:100px;aspect-ratio:3\/4;object-fit:cover\" srcset=\"https:\/\/casalucienne.com\/wp-content\/uploads\/2026\/01\/IMG_20230315_080821-01-scaled.jpeg 1920w, https:\/\/casalucienne.com\/wp-content\/uploads\/2026\/01\/IMG_20230315_080821-01-225x300.jpeg 225w, https:\/\/casalucienne.com\/wp-content\/uploads\/2026\/01\/IMG_20230315_080821-01-768x1024.jpeg 768w, https:\/\/casalucienne.com\/wp-content\/uploads\/2026\/01\/IMG_20230315_080821-01-1152x1536.jpeg 1152w, https:\/\/casalucienne.com\/wp-content\/uploads\/2026\/01\/IMG_20230315_080821-01-1536x2048.jpeg 1536w\" sizes=\"(max-width: 1920px) 100vw, 1920px\" \/><\/figure>\n<\/div>\n\n\n\n<div class=\"wp-block-column is-vertically-aligned-center has-global-padding is-content-justification-left is-layout-constrained wp-container-core-column-is-layout-12dd3699 wp-block-column-is-layout-constrained\">\n<h3 class=\"wp-block-heading has-text-align-left has-text-color has-suranna-font-family\" style=\"color:#000000;margin-top:0.5rem;margin-bottom:0rem;font-size:clamp(24.034px, 1.502rem + ((1vw - 3.2px) * 1.814), 40px);font-style:normal;font-weight:500;letter-spacing:0px;line-height:1.3\">The House<\/h3>\n\n\n\n<hr class=\"wp-block-separator has-alpha-channel-opacity\"\/>\n\n\n\n<p class=\"translation-block\">You will occupy the 120 m\u00b2 ground floor of a detached, air-conditioned house, with approximately 70 m\u00b2 of terraces, facing the valley and the mountains.<\/p>\n\n\n\n<p>The house consists of two levels:<\/p>\n\n\n\n<ul class=\"wp-block-list\">\n<li class=\"translation-block\">The ground floor, entirely dedicated to rental<\/li>\n\n\n\n<li><strong>The floor<\/strong>a completely independent private studio (separate entrance), occupied or not depending on the period<br>\u27a1\ufe0f All photos shown correspond exclusively to private spaces.<\/li>\n<\/ul>\n\n\n\n<p>The accommodation consists of:<\/p>\n\n\n\n<ul class=\"wp-block-list\">\n<li>d\u2019un <strong>spacious, bright living room of 50 m\u00b2<\/strong><\/li>\n\n\n\n<li class=\"translation-block\">of <strong>two comfortable bedrooms<\/strong> (12 m\u00b2 and 11 m\u00b2)<\/li>\n\n\n\n<li class=\"translation-block\">Two en-suite bathrooms \u2013 a real luxury for families (no more morning negotiations\u2026)<\/li>\n\n\n\n<li>The house is usually rented for 4 people, but we can accommodate up to 6 people thanks to the sofa bed in the living room.  <\/li>\n<\/ul>\n\n\n\n<p>The rooms feature:<\/p>\n\n\n\n<ul class=\"wp-block-list\">\n<li class=\"translation-block\"><strong>TV LED<\/strong><\/li>\n\n\n\n<li class=\"translation-block\">with a new and comfortable bed (180\u00d7200 and 140\u00d7200)<\/li>\n\n\n\n<li class=\"translation-block\">For families or groups of up to 6 people, the <strong>living room sofa is convertible<\/strong>, offering two additional sleeping spaces.<\/li>\n<\/ul>\n\n\n\n<p>\ud83e\uddfa <strong>All linens are provided<\/strong> You put down your suitcases, we'll take care of the rest.<\/p>\n\n\n\n<hr class=\"wp-block-separator has-alpha-channel-opacity\"\/>\n\n\n\n<div class=\"wp-block-buttons is-horizontal is-content-justification-left is-layout-flex wp-container-core-buttons-is-layout-324fa30b wp-block-buttons-is-layout-flex\" style=\"margin-top:20px\">\n<div class=\"wp-block-button has-custom-width wp-block-button__width-50 is-style-fill\"><a class=\"wp-block-button__link has-text-color has-background has-pontano-sans-font-family has-custom-font-size wp-element-button\" href=\"https:\/\/casalucienne.com\/index.php\/contact-reserver\/\" style=\"border-style:none;border-width:0px;border-radius:0rem;color:#fffffd;background-color:#e27013;padding-top:0.71rem;padding-right:0.31rem;padding-bottom:0.71rem;padding-left:0.31rem;font-size:clamp(0.875rem, 0.875rem + ((1vw - 0.2rem) * 0.245), 1.01rem);font-style:normal;font-weight:600;letter-spacing:1px;line-height:1.5;text-transform:uppercase\">BOOK NOW! <\/a><\/div>\n<\/div>\n<\/div>\n<\/div>\n<\/div>\n<\/div>\n\n\n\n<div class=\"wp-block-group alignwide has-global-padding is-layout-constrained wp-container-core-group-is-layout-4dd54443 wp-block-group-is-layout-constrained\" style=\"margin-top:0;margin-bottom:0;padding-top:80px;padding-bottom:80px\">\n<figure class=\"wp-block-gallery has-nested-images columns-3 is-cropped wp-block-gallery-1 is-layout-flex wp-block-gallery-is-layout-flex\">\n<figure class=\"wp-block-image size-full has-custom-border\"><img decoding=\"async\" width=\"720\" height=\"960\" data-id=\"165\" src=\"http:\/\/qftdyid.cluster121.hosting.ovh.net\/wp-content\/uploads\/2026\/01\/30f885d5-37c2-46de-9fd0-22aed519af93.webp\" alt=\"\" class=\"wp-image-165\" style=\"border-top-left-radius:40px;border-top-right-radius:40px;border-bottom-left-radius:40px;border-bottom-right-radius:40px\" srcset=\"https:\/\/casalucienne.com\/wp-content\/uploads\/2026\/01\/30f885d5-37c2-46de-9fd0-22aed519af93.webp 720w, https:\/\/casalucienne.com\/wp-content\/uploads\/2026\/01\/30f885d5-37c2-46de-9fd0-22aed519af93-225x300.webp 225w\" sizes=\"(max-width: 720px) 100vw, 720px\" \/><\/figure>\n\n\n\n<figure class=\"wp-block-image size-full has-custom-border\"><img decoding=\"async\" width=\"1080\" height=\"1328\" data-id=\"166\" src=\"http:\/\/qftdyid.cluster121.hosting.ovh.net\/wp-content\/uploads\/2026\/01\/entree2-1.jpg\" alt=\"\" class=\"wp-image-166\" style=\"border-top-left-radius:40px;border-top-right-radius:40px;border-bottom-left-radius:40px;border-bottom-right-radius:40px\" srcset=\"https:\/\/casalucienne.com\/wp-content\/uploads\/2026\/01\/entree2-1.jpg 1080w, https:\/\/casalucienne.com\/wp-content\/uploads\/2026\/01\/entree2-1-244x300.jpg 244w, https:\/\/casalucienne.com\/wp-content\/uploads\/2026\/01\/entree2-1-833x1024.jpg 833w, https:\/\/casalucienne.com\/wp-content\/uploads\/2026\/01\/entree2-1-768x944.jpg 768w\" sizes=\"(max-width: 1080px) 100vw, 1080px\" \/><\/figure>\n\n\n\n<figure class=\"wp-block-image size-full has-custom-border\"><img loading=\"lazy\" decoding=\"async\" width=\"2126\" height=\"2126\" data-id=\"167\" src=\"http:\/\/qftdyid.cluster121.hosting.ovh.net\/wp-content\/uploads\/2026\/01\/chambre1-2.jpg\" alt=\"\" class=\"wp-image-167\" style=\"border-top-left-radius:40px;border-top-right-radius:40px;border-bottom-left-radius:40px;border-bottom-right-radius:40px\" srcset=\"https:\/\/casalucienne.com\/wp-content\/uploads\/2026\/01\/chambre1-2.jpg 2126w, https:\/\/casalucienne.com\/wp-content\/uploads\/2026\/01\/chambre1-2-300x300.jpg 300w, https:\/\/casalucienne.com\/wp-content\/uploads\/2026\/01\/chambre1-2-1024x1024.jpg 1024w, https:\/\/casalucienne.com\/wp-content\/uploads\/2026\/01\/chambre1-2-150x150.jpg 150w, https:\/\/casalucienne.com\/wp-content\/uploads\/2026\/01\/chambre1-2-768x768.jpg 768w, https:\/\/casalucienne.com\/wp-content\/uploads\/2026\/01\/chambre1-2-1536x1536.jpg 1536w, https:\/\/casalucienne.com\/wp-content\/uploads\/2026\/01\/chambre1-2-2048x2048.jpg 2048w\" sizes=\"(max-width: 2126px) 100vw, 2126px\" \/><\/figure>\n\n\n\n<figure class=\"wp-block-image size-full has-custom-border\"><img loading=\"lazy\" decoding=\"async\" width=\"1080\" height=\"1062\" data-id=\"168\" src=\"http:\/\/qftdyid.cluster121.hosting.ovh.net\/wp-content\/uploads\/2026\/01\/entree1-2.jpg\" alt=\"\" class=\"wp-image-168\" style=\"border-top-left-radius:40px;border-top-right-radius:40px;border-bottom-left-radius:40px;border-bottom-right-radius:40px\" srcset=\"https:\/\/casalucienne.com\/wp-content\/uploads\/2026\/01\/entree1-2.jpg 1080w, https:\/\/casalucienne.com\/wp-content\/uploads\/2026\/01\/entree1-2-300x295.jpg 300w, https:\/\/casalucienne.com\/wp-content\/uploads\/2026\/01\/entree1-2-1024x1007.jpg 1024w, https:\/\/casalucienne.com\/wp-content\/uploads\/2026\/01\/entree1-2-768x755.jpg 768w\" sizes=\"(max-width: 1080px) 100vw, 1080px\" \/><\/figure>\n\n\n\n<figure class=\"wp-block-image size-full has-custom-border\"><img loading=\"lazy\" decoding=\"async\" width=\"2560\" height=\"1178\" data-id=\"169\" src=\"http:\/\/qftdyid.cluster121.hosting.ovh.net\/wp-content\/uploads\/2026\/01\/chambre27-1-scaled.jpeg\" alt=\"\" class=\"wp-image-169\" style=\"border-top-left-radius:40px;border-top-right-radius:40px;border-bottom-left-radius:40px;border-bottom-right-radius:40px\" srcset=\"https:\/\/casalucienne.com\/wp-content\/uploads\/2026\/01\/chambre27-1-scaled.jpeg 2560w, https:\/\/casalucienne.com\/wp-content\/uploads\/2026\/01\/chambre27-1-300x138.jpeg 300w, https:\/\/casalucienne.com\/wp-content\/uploads\/2026\/01\/chambre27-1-1024x471.jpeg 1024w, https:\/\/casalucienne.com\/wp-content\/uploads\/2026\/01\/chambre27-1-768x353.jpeg 768w, https:\/\/casalucienne.com\/wp-content\/uploads\/2026\/01\/chambre27-1-1536x707.jpeg 1536w, https:\/\/casalucienne.com\/wp-content\/uploads\/2026\/01\/chambre27-1-2048x942.jpeg 2048w\" sizes=\"(max-width: 2560px) 100vw, 2560px\" \/><\/figure>\n\n\n\n<figure class=\"wp-block-image size-full has-custom-border\"><img loading=\"lazy\" decoding=\"async\" width=\"401\" height=\"483\" data-id=\"179\" src=\"http:\/\/qftdyid.cluster121.hosting.ovh.net\/wp-content\/uploads\/2026\/01\/Capture-decran-2026-01-23-154057.png\" alt=\"\" class=\"wp-image-179\" style=\"border-top-left-radius:40px;border-top-right-radius:40px;border-bottom-left-radius:40px;border-bottom-right-radius:40px\" srcset=\"https:\/\/casalucienne.com\/wp-content\/uploads\/2026\/01\/Capture-decran-2026-01-23-154057.png 401w, https:\/\/casalucienne.com\/wp-content\/uploads\/2026\/01\/Capture-decran-2026-01-23-154057-249x300.png 249w\" sizes=\"(max-width: 401px) 100vw, 401px\" \/><\/figure>\n\n\n\n<figure class=\"wp-block-image size-full has-custom-border\"><img loading=\"lazy\" decoding=\"async\" width=\"2560\" height=\"1178\" data-id=\"171\" src=\"http:\/\/qftdyid.cluster121.hosting.ovh.net\/wp-content\/uploads\/2026\/01\/IMG_20201231_092045-01-1-scaled.jpeg\" alt=\"\" class=\"wp-image-171\" style=\"border-top-left-radius:40px;border-top-right-radius:40px;border-bottom-left-radius:40px;border-bottom-right-radius:40px\" srcset=\"https:\/\/casalucienne.com\/wp-content\/uploads\/2026\/01\/IMG_20201231_092045-01-1-scaled.jpeg 2560w, https:\/\/casalucienne.com\/wp-content\/uploads\/2026\/01\/IMG_20201231_092045-01-1-300x138.jpeg 300w, https:\/\/casalucienne.com\/wp-content\/uploads\/2026\/01\/IMG_20201231_092045-01-1-1024x471.jpeg 1024w, https:\/\/casalucienne.com\/wp-content\/uploads\/2026\/01\/IMG_20201231_092045-01-1-768x353.jpeg 768w, https:\/\/casalucienne.com\/wp-content\/uploads\/2026\/01\/IMG_20201231_092045-01-1-1536x707.jpeg 1536w, https:\/\/casalucienne.com\/wp-content\/uploads\/2026\/01\/IMG_20201231_092045-01-1-2048x942.jpeg 2048w\" sizes=\"(max-width: 2560px) 100vw, 2560px\" \/><\/figure>\n\n\n\n<figure class=\"wp-block-image size-full has-custom-border\"><img loading=\"lazy\" decoding=\"async\" width=\"720\" height=\"960\" data-id=\"172\" src=\"http:\/\/qftdyid.cluster121.hosting.ovh.net\/wp-content\/uploads\/2026\/01\/RR5SFK2-2.jpg\" alt=\"\" class=\"wp-image-172\" style=\"border-top-left-radius:40px;border-top-right-radius:40px;border-bottom-left-radius:40px;border-bottom-right-radius:40px\" srcset=\"https:\/\/casalucienne.com\/wp-content\/uploads\/2026\/01\/RR5SFK2-2.jpg 720w, https:\/\/casalucienne.com\/wp-content\/uploads\/2026\/01\/RR5SFK2-2-225x300.jpg 225w\" sizes=\"(max-width: 720px) 100vw, 720px\" \/><\/figure>\n\n\n\n<figure class=\"wp-block-image size-full has-custom-border\"><img loading=\"lazy\" decoding=\"async\" width=\"1920\" height=\"2560\" data-id=\"173\" src=\"http:\/\/qftdyid.cluster121.hosting.ovh.net\/wp-content\/uploads\/2026\/01\/IMG_20230314_195927-01-scaled.jpeg\" alt=\"\" class=\"wp-image-173\" style=\"border-top-left-radius:40px;border-top-right-radius:40px;border-bottom-left-radius:40px;border-bottom-right-radius:40px\" srcset=\"https:\/\/casalucienne.com\/wp-content\/uploads\/2026\/01\/IMG_20230314_195927-01-scaled.jpeg 1920w, https:\/\/casalucienne.com\/wp-content\/uploads\/2026\/01\/IMG_20230314_195927-01-225x300.jpeg 225w, https:\/\/casalucienne.com\/wp-content\/uploads\/2026\/01\/IMG_20230314_195927-01-768x1024.jpeg 768w, https:\/\/casalucienne.com\/wp-content\/uploads\/2026\/01\/IMG_20230314_195927-01-1152x1536.jpeg 1152w, https:\/\/casalucienne.com\/wp-content\/uploads\/2026\/01\/IMG_20230314_195927-01-1536x2048.jpeg 1536w\" sizes=\"(max-width: 1920px) 100vw, 1920px\" \/><\/figure>\n<\/figure>\n<\/div>\n\n\n\n<div class=\"wp-block-group alignfull has-global-padding is-layout-constrained wp-container-core-group-is-layout-4383d167 wp-block-group-is-layout-constrained\">\n<div class=\"wp-block-group alignwide has-global-padding is-layout-constrained wp-container-core-group-is-layout-1be1424c wp-block-group-is-layout-constrained\" style=\"margin-top:0;margin-bottom:0;padding-bottom:100px\">\n<div class=\"wp-block-columns is-layout-flex wp-container-core-columns-is-layout-92515837 wp-block-columns-is-layout-flex\">\n<div class=\"wp-block-column is-vertically-aligned-center has-global-padding is-content-justification-left is-layout-constrained wp-container-core-column-is-layout-12dd3699 wp-block-column-is-layout-constrained\">\n<hr class=\"wp-block-separator has-alpha-channel-opacity\"\/>\n\n\n\n<h3 class=\"wp-block-heading\">\ud83d\udccd An ideal location for discovering Corsica<\/h3>\n\n\n\n<p class=\"translation-block\">Located in the heart of the <strong>Gravona Valley<\/strong>, A Casa Lucienne enjoys a privileged location for a balanced holiday between <strong>nature, sea and discovery<\/strong>.<\/p>\n\n\n\n<p class=\"translation-block\">Just <strong>5 minutes from the river<\/strong>, perfect for cooling off in the summer, the house is also <strong>close to the beaches of the Ajaccio region<\/strong>, yet away from the tourist crowds. Here you can enjoy a <strong>peaceful, family-friendly, and authentic setting<\/strong>, with quick access to Ajaccio, its airport, and shops.<\/p>\n\n\n\n<p class=\"translation-block\">An ideal starting point for exploring the hinterland, hiking in the maquis, meeting local artisans or simply enjoying the calm facing the mountains, the house offers a true luxury in Corsica: <strong>space, tranquility and freedom of choice<\/strong> between sea and mountain.<\/p>\n\n\n\n<hr class=\"wp-block-separator has-alpha-channel-opacity\"\/>\n\n\n\n<p>.<\/p>\n<\/div>\n\n\n\n<div class=\"wp-block-column is-layout-flow wp-block-column-is-layout-flow\" style=\"border-top-left-radius:28px;border-top-right-radius:28px;border-bottom-left-radius:28px;border-bottom-right-radius:28px\">\n<figure class=\"wp-block-image alignright size-full has-custom-border\"><img loading=\"lazy\" decoding=\"async\" width=\"1920\" height=\"2560\" src=\"http:\/\/qftdyid.cluster121.hosting.ovh.net\/wp-content\/uploads\/2026\/01\/terasse1-1-scaled.jpg\" alt=\"\" class=\"wp-image-176\" style=\"border-top-left-radius:40px;border-top-right-radius:40px;border-bottom-left-radius:40px;border-bottom-right-radius:40px;aspect-ratio:2\/3;object-fit:cover\" srcset=\"https:\/\/casalucienne.com\/wp-content\/uploads\/2026\/01\/terasse1-1-scaled.jpg 1920w, https:\/\/casalucienne.com\/wp-content\/uploads\/2026\/01\/terasse1-1-225x300.jpg 225w, https:\/\/casalucienne.com\/wp-content\/uploads\/2026\/01\/terasse1-1-768x1024.jpg 768w, https:\/\/casalucienne.com\/wp-content\/uploads\/2026\/01\/terasse1-1-1152x1536.jpg 1152w, https:\/\/casalucienne.com\/wp-content\/uploads\/2026\/01\/terasse1-1-1536x2048.jpg 1536w\" sizes=\"(max-width: 1920px) 100vw, 1920px\" \/><\/figure>\n<\/div>\n<\/div>\n<\/div>\n<\/div>\n\n\n\n<div class=\"wp-block-group alignfull has-global-padding is-layout-constrained wp-container-core-group-is-layout-4383d167 wp-block-group-is-layout-constrained\">\n<div class=\"wp-block-group alignwide has-global-padding is-layout-constrained wp-container-core-group-is-layout-1be1424c wp-block-group-is-layout-constrained\" style=\"margin-top:0;margin-bottom:0;padding-bottom:100px\">\n<div class=\"wp-block-columns is-layout-flex wp-container-core-columns-is-layout-92515837 wp-block-columns-is-layout-flex\">\n<div class=\"wp-block-column is-layout-flow wp-block-column-is-layout-flow\">\n<figure class=\"wp-block-image alignleft size-full has-custom-border\"><img loading=\"lazy\" decoding=\"async\" width=\"1923\" height=\"2560\" src=\"http:\/\/qftdyid.cluster121.hosting.ovh.net\/wp-content\/uploads\/2026\/01\/IMG_20250619_104935-scaled.jpg\" alt=\"\" class=\"wp-image-178\" style=\"border-top-left-radius:40px;border-top-right-radius:40px;border-bottom-left-radius:40px;border-bottom-right-radius:40px\" srcset=\"https:\/\/casalucienne.com\/wp-content\/uploads\/2026\/01\/IMG_20250619_104935-scaled.jpg 1923w, https:\/\/casalucienne.com\/wp-content\/uploads\/2026\/01\/IMG_20250619_104935-225x300.jpg 225w, https:\/\/casalucienne.com\/wp-content\/uploads\/2026\/01\/IMG_20250619_104935-769x1024.jpg 769w, https:\/\/casalucienne.com\/wp-content\/uploads\/2026\/01\/IMG_20250619_104935-768x1022.jpg 768w, https:\/\/casalucienne.com\/wp-content\/uploads\/2026\/01\/IMG_20250619_104935-1154x1536.jpg 1154w, https:\/\/casalucienne.com\/wp-content\/uploads\/2026\/01\/IMG_20250619_104935-1538x2048.jpg 1538w\" sizes=\"(max-width: 1923px) 100vw, 1923px\" \/><\/figure>\n<\/div>\n\n\n\n<div class=\"wp-block-column is-vertically-aligned-center has-global-padding is-content-justification-left is-layout-constrained wp-container-core-column-is-layout-12dd3699 wp-block-column-is-layout-constrained\">\n<h3 class=\"wp-block-heading has-text-align-left has-text-color has-suranna-font-family\" style=\"color:#000000;margin-top:0.5rem;margin-bottom:0rem;font-size:clamp(24.034px, 1.502rem + ((1vw - 3.2px) * 1.814), 40px);font-style:normal;font-weight:500;letter-spacing:0px;line-height:1.3\">\u2600\ufe0f Living outdoors, simply<\/h3>\n\n\n\n<p class=\"has-text-color has-link-color has-pontano-sans-font-family wp-elements-9c3d73109b0dbb32ce02db3104ca2cc0 translation-block\" style=\"color:#000000;font-size:clamp(14px, 0.875rem + ((1vw - 3.2px) * 0.455), 18px);\">In the morning, enjoy your breakfast on the terrace, facing the mountains, with only the birds and the wind in the maquis as your soundtrack. At the end of the day, relax with an aperitif, a gas-grilled meal, and a sunset that reminds you why you always come back to Corsica\u2026 even when you swear it was the last time.<\/p>\n\n\n\n<div class=\"wp-block-buttons is-horizontal is-content-justification-left is-layout-flex wp-container-core-buttons-is-layout-324fa30b wp-block-buttons-is-layout-flex\" style=\"margin-top:20px\">\n<div class=\"wp-block-button has-custom-width wp-block-button__width-50 is-style-fill\"><a class=\"wp-block-button__link has-text-color has-background has-pontano-sans-font-family has-custom-font-size wp-element-button\" href=\"https:\/\/casalucienne.com\/index.php\/contact-reserver\/\" style=\"border-style:none;border-width:0px;border-radius:0rem;color:#fffffd;background-color:#e27013;padding-top:0.71rem;padding-right:0.31rem;padding-bottom:0.71rem;padding-left:0.31rem;font-size:clamp(0.875rem, 0.875rem + ((1vw - 0.2rem) * 0.245), 1.01rem);font-style:normal;font-weight:600;letter-spacing:1px;line-height:1.5;text-transform:uppercase\">CONTACT!<\/a><\/div>\n<\/div>\n<\/div>\n<\/div>\n<\/div>\n<\/div>\n\n\n\n<section class=\"wp-block-cover alignfull\" style=\"margin-top:0px;padding-top:1.01rem;padding-bottom:1.01rem;min-height:430px;aspect-ratio:unset;\"><img decoding=\"async\" class=\"wp-block-cover__image-background wp-image-2516\" alt=\"\" src=\"https:\/\/tyler.com\/wp-content\/uploads\/2023\/11\/Surf-About-4th-Cover-Image.jpeg\" style=\"object-position:50% 51%\" data-object-fit=\"cover\" data-object-position=\"50% 51%\"\/><span aria-hidden=\"true\" class=\"wp-block-cover__background has-background-dim-0 has-background-dim\" style=\"background-color:#edf1f2\"><\/span><div class=\"wp-block-cover__inner-container has-global-padding is-layout-constrained wp-container-core-cover-is-layout-b1bebcb3 wp-block-cover-is-layout-constrained\">\n<div class=\"wp-block-group has-text-color is-layout-flow wp-block-group-is-layout-flow\" style=\"color:#fffffd;margin-top:0px;padding-top:0rem;padding-right:1rem;padding-bottom:0rem;padding-left:1rem;font-size:clamp(0.875rem, 0.875rem + ((1vw - 0.2rem) * 0.464), 1.13rem);font-style:normal;font-weight:400;line-height:1.4\">\n<div class=\"wp-block-group has-global-padding is-layout-constrained wp-container-core-group-is-layout-bdbfdc43 wp-block-group-is-layout-constrained\">\n<p class=\"has-text-align-center has-text-color\" style=\"color:#fffffd;margin-bottom:0rem;font-size:clamp(1.507rem, 1.507rem + ((1vw - 0.2rem) * 1.824), 2.51rem);font-style:normal;font-weight:400;line-height:1.2\">Between sky and mountains, your Corsican interlude begins here.<\/p>\n<\/div>\n\n\n\n<div class=\"wp-block-group is-vertical is-content-justification-stretch is-layout-flex wp-container-core-group-is-layout-bfdebe91 wp-block-group-is-layout-flex\" style=\"margin-top:1.81rem;padding-right:0px;padding-left:0px\">\n<div class=\"wp-block-group has-global-padding is-content-justification-center is-layout-constrained wp-container-core-group-is-layout-2f0bcb29 wp-block-group-is-layout-constrained\" style=\"margin-top:0px\">\n<div class=\"wp-block-buttons is-horizontal is-content-justification-right is-layout-flex wp-container-core-buttons-is-layout-099266fd wp-block-buttons-is-layout-flex\" style=\"margin-top:0.51rem\">\n<div class=\"wp-block-button has-custom-width wp-block-button__width-100 is-style-fill\"><a class=\"wp-block-button__link has-text-color has-background has-custom-font-size wp-element-button\" href=\"https:\/\/casalucienne.com\/index.php\/contact-reserver\/\" style=\"border-style:none;border-width:0px;border-radius:0rem;color:#fffffd;background-color:#e27013;padding-top:0.71rem;padding-right:0.31rem;padding-bottom:0.71rem;padding-left:0.31rem;font-size:clamp(0.875rem, 0.875rem + ((1vw - 0.2rem) * 0.245), 1.01rem);font-style:normal;font-weight:600;line-height:1.5;text-transform:uppercase\">CONTACT!<\/a><\/div>\n<\/div>\n<\/div>\n<\/div>\n<\/div>\n<\/div><\/section>","protected":false},"excerpt":{"rendered":"<p>\ud83c\udfe1 Le logement Vous occuperez le rez-de-chauss\u00e9e de 120 m\u00b2 d\u2019une maison individuelle climatis\u00e9e, avec environ 70 m\u00b2 de terrasses, orient\u00e9es vers la vall\u00e9e et les montagnes. La maison est compos\u00e9e de deux niveaux : Le logement se compose : Les chambres disposent : \ud83e\uddfa Tout le linge de maison est fourni : vous posez [&hellip;]<\/p>","protected":false},"author":1,"featured_media":0,"parent":0,"menu_order":0,"comment_status":"closed","ping_status":"closed","template":"","meta":{"_joinchat":[],"footnotes":""},"class_list":["post-15","page","type-page","status-publish","hentry"],"_links":{"self":[{"href":"https:\/\/casalucienne.com\/en\/wp-json\/wp\/v2\/pages\/15","targetHints":{"allow":["GET"]}}],"collection":[{"href":"https:\/\/casalucienne.com\/en\/wp-json\/wp\/v2\/pages"}],"about":[{"href":"https:\/\/casalucienne.com\/en\/wp-json\/wp\/v2\/types\/page"}],"author":[{"embeddable":true,"href":"https:\/\/casalucienne.com\/en\/wp-json\/wp\/v2\/users\/1"}],"replies":[{"embeddable":true,"href":"https:\/\/casalucienne.com\/en\/wp-json\/wp\/v2\/comments?post=15"}],"version-history":[{"count":13,"href":"https:\/\/casalucienne.com\/en\/wp-json\/wp\/v2\/pages\/15\/revisions"}],"predecessor-version":[{"id":224,"href":"https:\/\/casalucienne.com\/en\/wp-json\/wp\/v2\/pages\/15\/revisions\/224"}],"wp:attachment":[{"href":"https:\/\/casalucienne.com\/en\/wp-json\/wp\/v2\/media?parent=15"}],"curies":[{"name":"wp","href":"https:\/\/api.w.org\/{rel}","templated":true}]}}